{"id":1588,"date":"2023-02-09T15:36:01","date_gmt":"2023-02-09T20:36:01","guid":{"rendered":"https:\/\/aucanadavisa.com\/?page_id=1588"},"modified":"2023-02-15T15:55:57","modified_gmt":"2023-02-15T20:55:57","slug":"useful-infos","status":"publish","type":"page","link":"https:\/\/aucanadavisa.com\/fr\/useful-infos\/","title":{"rendered":"Informations utiles"},"content":{"rendered":"<div data-elementor-type=\"wp-page\" data-elementor-id=\"1588\" class=\"elementor elementor-1588\">\n\t\t\t\t\t\t<section class=\"elementor-section elementor-top-section elementor-element elementor-element-477ec72 elementor-section-boxed elementor-section-height-default elementor-section-height-default jltma-glass-effect-no\" data-id=\"477ec72\" data-element_type=\"section\" data-e-type=\"section\" data-settings=\"{&quot;background_background&quot;:&quot;classic&quot;}\">\n\t\t\t\t\t\t<div class=\"elementor-container elementor-column-gap-default\">\n\t\t\t\t\t<div class=\"elementor-column elementor-col-100 elementor-top-column elementor-element elementor-element-5f79b53 jltma-glass-effect-no\" data-id=\"5f79b53\" data-element_type=\"column\" data-e-type=\"column\">\n\t\t\t<div class=\"elementor-widget-wrap elementor-element-populated\">\n\t\t\t\t\t\t<div class=\"elementor-element elementor-element-4dc9f6a jltma-glass-effect-no elementor-widget elementor-widget-cim-section-heading\" data-id=\"4dc9f6a\" data-element_type=\"widget\" data-e-type=\"widget\" data-widget_type=\"cim-section-heading.default\">\n\t\t\t\t<div class=\"elementor-widget-container\">\n\t\t\t\t\t        <div class=\"cim-section-heading\">\n\t\t\t<h1 class=\"primary-heading elementor-heading-title\">Informations utiles<\/h1>        <div class=\"heading-description\">\n\t\t\t<p class=\"flourish-lg flourish-accent type-intro text-secondary !mb-0\"><span style=\"color: #ffffff\">Renseignez-vous sur toutes vos diff\u00e9rentes options pour l&#039;immigration canadienne. Nous avons des guides sur toutes les voies d&#039;immigration du Canada, y compris l&#039;Entr\u00e9e express, les permis de travail, les permis d&#039;\u00e9tudes, EIC, le parrainage familial et plus encore\u00a0!<\/span><\/p>        <\/div>\n\t\t        <\/div>\n\t\t\t\t\t\t<\/div>\n\t\t\t\t<\/div>\n\t\t\t\t\t<\/div>\n\t\t<\/div>\n\t\t\t\t\t<\/div>\n\t\t<\/section>\n\t\t\t\t<section class=\"elementor-section elementor-top-section elementor-element elementor-element-241545d elementor-section-boxed elementor-section-height-default elementor-section-height-default jltma-glass-effect-no\" data-id=\"241545d\" data-element_type=\"section\" data-e-type=\"section\">\n\t\t\t\t\t\t<div class=\"elementor-container elementor-column-gap-default\">\n\t\t\t\t\t<div class=\"elementor-column elementor-col-50 elementor-top-column elementor-element elementor-element-2d76f16 jltma-glass-effect-no elementor-invisible\" data-id=\"2d76f16\" data-element_type=\"column\" data-e-type=\"column\" data-settings=\"{&quot;animation&quot;:&quot;fadeIn&quot;,&quot;animation_delay&quot;:100}\">\n\t\t\t<div class=\"elementor-widget-wrap elementor-element-populated\">\n\t\t\t\t\t\t<div class=\"elementor-element elementor-element-70ba6da elementor-position-top jltma-glass-effect-no elementor-widget elementor-widget-image-box\" data-id=\"70ba6da\" data-element_type=\"widget\" data-e-type=\"widget\" data-widget_type=\"image-box.default\">\n\t\t\t\t<div class=\"elementor-widget-container\">\n\t\t\t\t\t<div class=\"elementor-image-box-wrapper\"><figure class=\"elementor-image-box-img\"><a href=\"https:\/\/aucanadavisa.com\/fr\/useful-infos\/study-in-canada\/\" tabindex=\"-1\"><img data-opt-id=886991046  fetchpriority=\"high\" decoding=\"async\" width=\"800\" height=\"556\" src=\"https:\/\/mlggfzbjkbia.i.optimole.com\/cb:kU00.334de\/w:auto\/h:auto\/q:mauto\/f:best\/https:\/\/aucanadavisa.com\/wp-content\/uploads\/2023\/02\/Womens-.jpg\" class=\"attachment-full size-full wp-image-2540\" alt=\"\" srcset=\"https:\/\/mlggfzbjkbia.i.optimole.com\/cb:kU00.334de\/w:800\/h:556\/q:mauto\/f:best\/https:\/\/aucanadavisa.com\/wp-content\/uploads\/2023\/02\/Womens-.jpg 800w, https:\/\/mlggfzbjkbia.i.optimole.com\/cb:kU00.334de\/w:300\/h:209\/q:mauto\/f:best\/https:\/\/aucanadavisa.com\/wp-content\/uploads\/2023\/02\/Womens-.jpg 300w, https:\/\/mlggfzbjkbia.i.optimole.com\/cb:kU00.334de\/w:768\/h:534\/q:mauto\/f:best\/https:\/\/aucanadavisa.com\/wp-content\/uploads\/2023\/02\/Womens-.jpg 768w, https:\/\/mlggfzbjkbia.i.optimole.com\/cb:kU00.334de\/w:18\/h:12\/q:mauto\/f:best\/dpr:2\/https:\/\/aucanadavisa.com\/wp-content\/uploads\/2023\/02\/Womens-.jpg 18w, https:\/\/mlggfzbjkbia.i.optimole.com\/cb:kU00.334de\/w:20\/h:14\/q:mauto\/f:best\/dpr:2\/https:\/\/aucanadavisa.com\/wp-content\/uploads\/2023\/02\/Womens-.jpg 20w\" sizes=\"(max-width: 800px) 100vw, 800px\" \/><\/a><\/figure><div class=\"elementor-image-box-content\"><h3 class=\"elementor-image-box-title\"><a href=\"https:\/\/aucanadavisa.com\/fr\/useful-infos\/study-in-canada\/\">\u00c9tudier au Canada<\/a><\/h3><p class=\"elementor-image-box-description\">Le Canada est une destination de classe mondiale pour les \u00e9tudiants internationaux. Gr\u00e2ce \u00e0 ces ressources, vous pouvez apprendre \u00e0 \u00e9tudier au Canada et immigrer de fa\u00e7on permanente apr\u00e8s vos \u00e9tudes.<\/p><\/div><\/div>\t\t\t\t<\/div>\n\t\t\t\t<\/div>\n\t\t\t\t<div class=\"elementor-element elementor-element-9ab780d jltma-glass-effect-no elementor-widget elementor-widget-cim-button\" data-id=\"9ab780d\" data-element_type=\"widget\" data-e-type=\"widget\" data-widget_type=\"cim-button.default\">\n\t\t\t\t<div class=\"elementor-widget-container\">\n\t\t\t\t\t        <div class=\"button-wrapper\">\n            <a href=\"https:\/\/aucanadavisa.com\/fr\/useful-infos\/study-in-canada\/\" class=\"button-link btn btn-light btn-sm\" role=\"button\">\n\t\t\t\t\t\t            <span class=\"button-text\">En savoir plus<\/span>\n\t\t\n\t\t\t\t            <\/a>\n        <\/div>\n\t\t\t\t\t\t<\/div>\n\t\t\t\t<\/div>\n\t\t\t\t\t<\/div>\n\t\t<\/div>\n\t\t\t\t<div class=\"elementor-column elementor-col-50 elementor-top-column elementor-element elementor-element-800a6ec jltma-glass-effect-no elementor-invisible\" data-id=\"800a6ec\" data-element_type=\"column\" data-e-type=\"column\" data-settings=\"{&quot;animation&quot;:&quot;fadeIn&quot;,&quot;animation_delay&quot;:300}\">\n\t\t\t<div class=\"elementor-widget-wrap elementor-element-populated\">\n\t\t\t\t\t\t<div class=\"elementor-element elementor-element-649a3e1 elementor-position-top jltma-glass-effect-no elementor-widget elementor-widget-image-box\" data-id=\"649a3e1\" data-element_type=\"widget\" data-e-type=\"widget\" data-widget_type=\"image-box.default\">\n\t\t\t\t<div class=\"elementor-widget-container\">\n\t\t\t\t\t<div class=\"elementor-image-box-wrapper\"><figure class=\"elementor-image-box-img\"><a href=\"https:\/\/aucanadavisa.com\/fr\/useful-infos\/work-in-canada\/\" tabindex=\"-1\"><img data-opt-id=869432086  fetchpriority=\"high\" decoding=\"async\" width=\"800\" height=\"556\" src=\"https:\/\/mlggfzbjkbia.i.optimole.com\/cb:kU00.334de\/w:auto\/h:auto\/q:mauto\/f:best\/https:\/\/aucanadavisa.com\/wp-content\/uploads\/2023\/02\/group-careers-1.jpg\" class=\"attachment-full size-full wp-image-2541\" alt=\"\" srcset=\"https:\/\/mlggfzbjkbia.i.optimole.com\/cb:kU00.334de\/w:800\/h:556\/q:mauto\/f:best\/https:\/\/aucanadavisa.com\/wp-content\/uploads\/2023\/02\/group-careers-1.jpg 800w, https:\/\/mlggfzbjkbia.i.optimole.com\/cb:kU00.334de\/w:300\/h:209\/q:mauto\/f:best\/https:\/\/aucanadavisa.com\/wp-content\/uploads\/2023\/02\/group-careers-1.jpg 300w, https:\/\/mlggfzbjkbia.i.optimole.com\/cb:kU00.334de\/w:768\/h:534\/q:mauto\/f:best\/https:\/\/aucanadavisa.com\/wp-content\/uploads\/2023\/02\/group-careers-1.jpg 768w, https:\/\/mlggfzbjkbia.i.optimole.com\/cb:kU00.334de\/w:18\/h:12\/q:mauto\/f:best\/dpr:2\/https:\/\/aucanadavisa.com\/wp-content\/uploads\/2023\/02\/group-careers-1.jpg 18w, https:\/\/mlggfzbjkbia.i.optimole.com\/cb:kU00.334de\/w:20\/h:14\/q:mauto\/f:best\/dpr:2\/https:\/\/aucanadavisa.com\/wp-content\/uploads\/2023\/02\/group-careers-1.jpg 20w\" sizes=\"(max-width: 800px) 100vw, 800px\" \/><\/a><\/figure><div class=\"elementor-image-box-content\"><h3 class=\"elementor-image-box-title\"><a href=\"https:\/\/aucanadavisa.com\/fr\/useful-infos\/work-in-canada\/\">Travailler au Canada<\/a><\/h3><p class=\"elementor-image-box-description\">Que vous recherchiez du travail au Canada depuis l&#039;\u00e9tranger ou que vous soyez d\u00e9j\u00e0 arriv\u00e9 et que vous souhaitiez passer au niveau sup\u00e9rieur, nos ressources sur les emplois canadiens peuvent vous aider \u00e0 r\u00e9ussir. Renseignez-vous sur les techniques de recherche d&#039;emploi, comment obtenir un emploi, les normes en milieu de travail et la culture du milieu de travail canadien.<\/p><\/div><\/div>\t\t\t\t<\/div>\n\t\t\t\t<\/div>\n\t\t\t\t<div class=\"elementor-element elementor-element-70bf167 jltma-glass-effect-no elementor-widget elementor-widget-cim-button\" data-id=\"70bf167\" data-element_type=\"widget\" data-e-type=\"widget\" data-widget_type=\"cim-button.default\">\n\t\t\t\t<div class=\"elementor-widget-container\">\n\t\t\t\t\t        <div class=\"button-wrapper\">\n            <a href=\"https:\/\/aucanadavisa.com\/fr\/useful-infos\/work-in-canada\/\" class=\"button-link btn btn-light btn-sm\" role=\"button\">\n\t\t\t\t\t\t            <span class=\"button-text\">En savoir plus<\/span>\n\t\t\n\t\t\t\t            <\/a>\n        <\/div>\n\t\t\t\t\t\t<\/div>\n\t\t\t\t<\/div>\n\t\t\t\t\t<\/div>\n\t\t<\/div>\n\t\t\t\t\t<\/div>\n\t\t<\/section>\n\t\t\t\t<section class=\"elementor-section elementor-top-section elementor-element elementor-element-d1c6290 elementor-section-boxed elementor-section-height-default elementor-section-height-default jltma-glass-effect-no\" data-id=\"d1c6290\" data-element_type=\"section\" data-e-type=\"section\">\n\t\t\t\t\t\t<div class=\"elementor-container elementor-column-gap-default\">\n\t\t\t\t\t<div class=\"elementor-column elementor-col-50 elementor-top-column elementor-element elementor-element-3237c79 jltma-glass-effect-no elementor-invisible\" data-id=\"3237c79\" data-element_type=\"column\" data-e-type=\"column\" data-settings=\"{&quot;animation&quot;:&quot;fadeIn&quot;,&quot;animation_delay&quot;:100}\">\n\t\t\t<div class=\"elementor-widget-wrap elementor-element-populated\">\n\t\t\t\t\t\t<div class=\"elementor-element elementor-element-f3b8ee2 elementor-position-top jltma-glass-effect-no elementor-widget elementor-widget-image-box\" data-id=\"f3b8ee2\" data-element_type=\"widget\" data-e-type=\"widget\" data-widget_type=\"image-box.default\">\n\t\t\t\t<div class=\"elementor-widget-container\">\n\t\t\t\t\t<div class=\"elementor-image-box-wrapper\"><figure class=\"elementor-image-box-img\"><a href=\"https:\/\/aucanadavisa.com\/fr\/useful-infos\/moving-to-canada-2\/\" tabindex=\"-1\"><img data-opt-id=472756099  fetchpriority=\"high\" decoding=\"async\" width=\"800\" height=\"558\" src=\"https:\/\/mlggfzbjkbia.i.optimole.com\/cb:kU00.334de\/w:auto\/h:auto\/q:mauto\/f:best\/https:\/\/aucanadavisa.com\/wp-content\/uploads\/2023\/02\/anaircanadal.jpg\" class=\"attachment-full size-full wp-image-2310\" alt=\"\" srcset=\"https:\/\/mlggfzbjkbia.i.optimole.com\/cb:kU00.334de\/w:800\/h:558\/q:mauto\/f:best\/https:\/\/aucanadavisa.com\/wp-content\/uploads\/2023\/02\/anaircanadal.jpg 800w, https:\/\/mlggfzbjkbia.i.optimole.com\/cb:kU00.334de\/w:300\/h:209\/q:mauto\/f:best\/https:\/\/aucanadavisa.com\/wp-content\/uploads\/2023\/02\/anaircanadal.jpg 300w, https:\/\/mlggfzbjkbia.i.optimole.com\/cb:kU00.334de\/w:768\/h:536\/q:mauto\/f:best\/https:\/\/aucanadavisa.com\/wp-content\/uploads\/2023\/02\/anaircanadal.jpg 768w, https:\/\/mlggfzbjkbia.i.optimole.com\/cb:kU00.334de\/w:18\/h:12\/q:mauto\/f:best\/dpr:2\/https:\/\/aucanadavisa.com\/wp-content\/uploads\/2023\/02\/anaircanadal.jpg 18w, https:\/\/mlggfzbjkbia.i.optimole.com\/cb:kU00.334de\/w:20\/h:14\/q:mauto\/f:best\/dpr:2\/https:\/\/aucanadavisa.com\/wp-content\/uploads\/2023\/02\/anaircanadal.jpg 20w\" sizes=\"(max-width: 800px) 100vw, 800px\" \/><\/a><\/figure><div class=\"elementor-image-box-content\"><h3 class=\"elementor-image-box-title\"><a href=\"https:\/\/aucanadavisa.com\/fr\/useful-infos\/moving-to-canada-2\/\">D\u00e9m\u00e9nager au Canada<\/a><\/h3><p class=\"elementor-image-box-description\">Vous planifiez votre d\u00e9m\u00e9nagement au Canada ou vous venez d&#039;arriver? D\u00e9couvrez tout ce dont vous avez besoin pour vous aider \u00e0 vous installer et \u00e0 r\u00e9ussir dans votre nouvelle maison!<\/p><\/div><\/div>\t\t\t\t<\/div>\n\t\t\t\t<\/div>\n\t\t\t\t<div class=\"elementor-element elementor-element-03e3238 jltma-glass-effect-no elementor-widget elementor-widget-cim-button\" data-id=\"03e3238\" data-element_type=\"widget\" data-e-type=\"widget\" data-widget_type=\"cim-button.default\">\n\t\t\t\t<div class=\"elementor-widget-container\">\n\t\t\t\t\t        <div class=\"button-wrapper\">\n            <a href=\"https:\/\/aucanadavisa.com\/fr\/useful-infos\/moving-to-canada-2\/\" class=\"button-link btn btn-light btn-sm\" role=\"button\">\n\t\t\t\t\t\t            <span class=\"button-text\">En savoir plus<\/span>\n\t\t\n\t\t\t\t            <\/a>\n        <\/div>\n\t\t\t\t\t\t<\/div>\n\t\t\t\t<\/div>\n\t\t\t\t\t<\/div>\n\t\t<\/div>\n\t\t\t\t<div class=\"elementor-column elementor-col-50 elementor-top-column elementor-element elementor-element-e0a5682 jltma-glass-effect-no elementor-invisible\" data-id=\"e0a5682\" data-element_type=\"column\" data-e-type=\"column\" data-settings=\"{&quot;animation&quot;:&quot;fadeIn&quot;,&quot;animation_delay&quot;:200}\">\n\t\t\t<div class=\"elementor-widget-wrap elementor-element-populated\">\n\t\t\t\t\t\t<div class=\"elementor-element elementor-element-095b6fd elementor-position-top jltma-glass-effect-no elementor-widget elementor-widget-image-box\" data-id=\"095b6fd\" data-element_type=\"widget\" data-e-type=\"widget\" data-widget_type=\"image-box.default\">\n\t\t\t\t<div class=\"elementor-widget-container\">\n\t\t\t\t\t<div class=\"elementor-image-box-wrapper\"><figure class=\"elementor-image-box-img\"><a href=\"https:\/\/aucanadavisa.com\/fr\/useful-infos\/settling-in-canada\/\" tabindex=\"-1\"><img data-opt-id=253485369  data-opt-src=\"https:\/\/mlggfzbjkbia.i.optimole.com\/cb:kU00.334de\/w:auto\/h:auto\/q:mauto\/f:best\/https:\/\/aucanadavisa.com\/wp-content\/uploads\/2023\/02\/patients-family-1280x870-2.jpg\"  loading=\"lazy\" decoding=\"async\" width=\"800\" height=\"556\" src=\"https:\/\/mlggfzbjkbia.i.optimole.com\/cb:kU00.334de\/w:auto\/h:auto\/q:eco\/f:best\/https:\/\/aucanadavisa.com\/wp-content\/uploads\/2023\/02\/patients-family-1280x870-2.jpg\" class=\"attachment-full size-full wp-image-2539\" alt=\"\" old-srcset=\"https:\/\/mlggfzbjkbia.i.optimole.com\/cb:kU00.334de\/w:800\/h:556\/q:mauto\/f:best\/https:\/\/aucanadavisa.com\/wp-content\/uploads\/2023\/02\/patients-family-1280x870-2.jpg 800w, https:\/\/mlggfzbjkbia.i.optimole.com\/cb:kU00.334de\/w:300\/h:209\/q:mauto\/f:best\/https:\/\/aucanadavisa.com\/wp-content\/uploads\/2023\/02\/patients-family-1280x870-2.jpg 300w, https:\/\/mlggfzbjkbia.i.optimole.com\/cb:kU00.334de\/w:768\/h:534\/q:mauto\/f:best\/https:\/\/aucanadavisa.com\/wp-content\/uploads\/2023\/02\/patients-family-1280x870-2.jpg 768w, https:\/\/mlggfzbjkbia.i.optimole.com\/cb:kU00.334de\/w:18\/h:12\/q:mauto\/f:best\/dpr:2\/https:\/\/aucanadavisa.com\/wp-content\/uploads\/2023\/02\/patients-family-1280x870-2.jpg 18w, https:\/\/mlggfzbjkbia.i.optimole.com\/cb:kU00.334de\/w:20\/h:14\/q:mauto\/f:best\/dpr:2\/https:\/\/aucanadavisa.com\/wp-content\/uploads\/2023\/02\/patients-family-1280x870-2.jpg 20w\" \/><\/a><\/figure><div class=\"elementor-image-box-content\"><h3 class=\"elementor-image-box-title\"><a href=\"https:\/\/aucanadavisa.com\/fr\/useful-infos\/settling-in-canada\/\">S&#039;\u00e9tablir au Canada<\/a><\/h3><p class=\"elementor-image-box-description\">Ces ressources peuvent vous aider une fois que vous \u00eates arriv\u00e9 au Canada. Du choix d&#039;une destination \u00e0 la s\u00e9lection d&#039;un plan d&#039;assurance, nous avons ce qu&#039;il vous faut avec notre section de planification !<\/p><\/div><\/div>\t\t\t\t<\/div>\n\t\t\t\t<\/div>\n\t\t\t\t<div class=\"elementor-element elementor-element-a4bf149 jltma-glass-effect-no elementor-widget elementor-widget-cim-button\" data-id=\"a4bf149\" data-element_type=\"widget\" data-e-type=\"widget\" data-widget_type=\"cim-button.default\">\n\t\t\t\t<div class=\"elementor-widget-container\">\n\t\t\t\t\t        <div class=\"button-wrapper\">\n            <a href=\"https:\/\/aucanadavisa.com\/fr\/useful-infos\/settling-in-canada\/\" class=\"button-link btn btn-light btn-sm\" role=\"button\">\n\t\t\t\t\t\t            <span class=\"button-text\">En savoir plus<\/span>\n\t\t\n\t\t\t\t            <\/a>\n        <\/div>\n\t\t\t\t\t\t<\/div>\n\t\t\t\t<\/div>\n\t\t\t\t\t<\/div>\n\t\t<\/div>\n\t\t\t\t\t<\/div>\n\t\t<\/section>\n\t\t\t\t<section class=\"elementor-section elementor-top-section elementor-element elementor-element-de6a296 elementor-section-boxed elementor-section-height-default elementor-section-height-default jltma-glass-effect-no\" data-id=\"de6a296\" data-element_type=\"section\" data-e-type=\"section\">\n\t\t\t\t\t\t<div class=\"elementor-container elementor-column-gap-default\">\n\t\t\t\t\t<div class=\"elementor-column elementor-col-100 elementor-top-column elementor-element elementor-element-867a762 jltma-glass-effect-no\" data-id=\"867a762\" data-element_type=\"column\" data-e-type=\"column\">\n\t\t\t<div class=\"elementor-widget-wrap elementor-element-populated\">\n\t\t\t\t\t\t<div class=\"elementor-element elementor-element-d7e3413 jltma-glass-effect-no elementor-widget elementor-widget-heading\" data-id=\"d7e3413\" data-element_type=\"widget\" data-e-type=\"widget\" data-widget_type=\"heading.default\">\n\t\t\t\t<div class=\"elementor-widget-container\">\n\t\t\t\t\t<h2 class=\"elementor-heading-title elementor-size-default\">Abonnez-vous \u00e0 notre newsletter pour obtenir les derni\u00e8res nouvelles!<\/h2>\t\t\t\t<\/div>\n\t\t\t\t<\/div>\n\t\t\t\t\t<\/div>\n\t\t<\/div>\n\t\t\t\t\t<\/div>\n\t\t<\/section>\n\t\t\t\t<\/div>","protected":false},"excerpt":{"rendered":"<p>Useful Infos Learn about all your different options for Canadian immigration. We have guides on all of Canada&#8217;s immigration pathways, including Express Entry, work permits,<\/p>","protected":false},"author":1,"featured_media":0,"parent":0,"menu_order":0,"comment_status":"closed","ping_status":"closed","template":"","meta":{"_acf_changed":false,"footnotes":""},"categories":[],"tags":[],"class_list":["post-1588","page","type-page","status-publish","hentry"],"acf":[],"_links":{"self":[{"href":"https:\/\/aucanadavisa.com\/fr\/wp-json\/wp\/v2\/pages\/1588","targetHints":{"allow":["GET"]}}],"collection":[{"href":"https:\/\/aucanadavisa.com\/fr\/wp-json\/wp\/v2\/pages"}],"about":[{"href":"https:\/\/aucanadavisa.com\/fr\/wp-json\/wp\/v2\/types\/page"}],"author":[{"embeddable":true,"href":"https:\/\/aucanadavisa.com\/fr\/wp-json\/wp\/v2\/users\/1"}],"replies":[{"embeddable":true,"href":"https:\/\/aucanadavisa.com\/fr\/wp-json\/wp\/v2\/comments?post=1588"}],"version-history":[{"count":0,"href":"https:\/\/aucanadavisa.com\/fr\/wp-json\/wp\/v2\/pages\/1588\/revisions"}],"wp:attachment":[{"href":"https:\/\/aucanadavisa.com\/fr\/wp-json\/wp\/v2\/media?parent=1588"}],"wp:term":[{"taxonomy":"category","embeddable":true,"href":"https:\/\/aucanadavisa.com\/fr\/wp-json\/wp\/v2\/categories?post=1588"},{"taxonomy":"post_tag","embeddable":true,"href":"https:\/\/aucanadavisa.com\/fr\/wp-json\/wp\/v2\/tags?post=1588"}],"curies":[{"name":"wp","href":"https:\/\/api.w.org\/{rel}","templated":true}]}}